{"id":898,"date":"2025-09-12T22:18:05","date_gmt":"2025-09-12T20:18:05","guid":{"rendered":"https:\/\/cotero.com.mx\/?post_type=product&#038;p=898"},"modified":"2025-09-12T22:25:44","modified_gmt":"2025-09-12T20:25:44","slug":"pulsera-de-la-suerte","status":"publish","type":"product","link":"https:\/\/cotero.com.mx\/index.php\/producto\/pulsera-de-la-suerte\/","title":{"rendered":"Pulsera de la suerte"},"content":{"rendered":"<p>La pulsera de plata .925 de ola suerte es m\u00e1s que un accesorio; es una obra de arte con un dise\u00f1o cuidadosamente elaborado para evocar un sentido de suerte y bienestar. Con una longitud de 18 cent\u00edmetros, esta pieza combina perfecci\u00f3n en su tama\u00f1o con figuras alusivas a la buena fortuna, convirti\u00e9ndola en el complemento ideal para cualquier ocasi\u00f3n.<\/p>\n<p>&nbsp;<\/p>\n","protected":false},"excerpt":{"rendered":"<p>La pulsera de plata .925 de ola suerte es m\u00e1s que un accesorio; es una obra de arte con un dise\u00f1o cuidadosamente elaborado para evocar un sentido de suerte y bienestar. Con una longitud de 18 cent\u00edmetros, esta pieza combina perfecci\u00f3n en su tama\u00f1o con figuras alusivas a la buena fortuna, convirti\u00e9ndola en el complemento [&hellip;]<\/p>\n","protected":false},"featured_media":899,"comment_status":"open","ping_status":"closed","template":"","meta":{"_joinchat":[]},"product_brand":[],"product_cat":[41,31],"product_tag":[],"class_list":{"0":"post-898","1":"product","2":"type-product","3":"status-publish","4":"has-post-thumbnail","6":"product_cat-plata","7":"product_cat-pulsos-y-tobilleras","9":"first","10":"instock","11":"shipping-taxable","12":"purchasable","13":"product-type-simple"},"_links":{"self":[{"href":"https:\/\/cotero.com.mx\/index.php\/wp-json\/wp\/v2\/product\/898","targetHints":{"allow":["GET"]}}],"collection":[{"href":"https:\/\/cotero.com.mx\/index.php\/wp-json\/wp\/v2\/product"}],"about":[{"href":"https:\/\/cotero.com.mx\/index.php\/wp-json\/wp\/v2\/types\/product"}],"replies":[{"embeddable":true,"href":"https:\/\/cotero.com.mx\/index.php\/wp-json\/wp\/v2\/comments?post=898"}],"wp:featuredmedia":[{"embeddable":true,"href":"https:\/\/cotero.com.mx\/index.php\/wp-json\/wp\/v2\/media\/899"}],"wp:attachment":[{"href":"https:\/\/cotero.com.mx\/index.php\/wp-json\/wp\/v2\/media?parent=898"}],"wp:term":[{"taxonomy":"product_brand","embeddable":true,"href":"https:\/\/cotero.com.mx\/index.php\/wp-json\/wp\/v2\/product_brand?post=898"},{"taxonomy":"product_cat","embeddable":true,"href":"https:\/\/cotero.com.mx\/index.php\/wp-json\/wp\/v2\/product_cat?post=898"},{"taxonomy":"product_tag","embeddable":true,"href":"https:\/\/cotero.com.mx\/index.php\/wp-json\/wp\/v2\/product_tag?post=898"}],"curies":[{"name":"wp","href":"https:\/\/api.w.org\/{rel}","templated":true}]}}