{"id":905,"date":"2025-09-12T22:34:22","date_gmt":"2025-09-12T20:34:22","guid":{"rendered":"https:\/\/cotero.com.mx\/?post_type=product&#038;p=905"},"modified":"2025-09-12T22:34:23","modified_gmt":"2025-09-12T20:34:23","slug":"pulsera-tres-cruces-juntas","status":"publish","type":"product","link":"https:\/\/cotero.com.mx\/index.php\/producto\/pulsera-tres-cruces-juntas\/","title":{"rendered":"Pulsera tres cruces juntas"},"content":{"rendered":"<p>Las tres cruces lisas juntas en esta pulsera no solo a\u00f1aden un atractivo visual \u00fanico, sino que tambi\u00e9n pueden representar valores profundos como fe, unidad, y equilibrio. Este dise\u00f1o vers\u00e1til permite llevar un mensaje con significado personal mientras complementa cualquier atuendo, desde casual hasta elegante.<\/p>\n","protected":false},"excerpt":{"rendered":"<p>Las tres cruces lisas juntas en esta pulsera no solo a\u00f1aden un atractivo visual \u00fanico, sino que tambi\u00e9n pueden representar valores profundos como fe, unidad, y equilibrio. Este dise\u00f1o vers\u00e1til permite llevar un mensaje con significado personal mientras complementa cualquier atuendo, desde casual hasta elegante.<\/p>\n","protected":false},"featured_media":906,"comment_status":"open","ping_status":"closed","template":"","meta":{"_joinchat":[]},"product_brand":[],"product_cat":[41,31],"product_tag":[],"class_list":{"0":"post-905","1":"product","2":"type-product","3":"status-publish","4":"has-post-thumbnail","6":"product_cat-plata","7":"product_cat-pulsos-y-tobilleras","9":"first","10":"instock","11":"shipping-taxable","12":"purchasable","13":"product-type-simple"},"_links":{"self":[{"href":"https:\/\/cotero.com.mx\/index.php\/wp-json\/wp\/v2\/product\/905","targetHints":{"allow":["GET"]}}],"collection":[{"href":"https:\/\/cotero.com.mx\/index.php\/wp-json\/wp\/v2\/product"}],"about":[{"href":"https:\/\/cotero.com.mx\/index.php\/wp-json\/wp\/v2\/types\/product"}],"replies":[{"embeddable":true,"href":"https:\/\/cotero.com.mx\/index.php\/wp-json\/wp\/v2\/comments?post=905"}],"wp:featuredmedia":[{"embeddable":true,"href":"https:\/\/cotero.com.mx\/index.php\/wp-json\/wp\/v2\/media\/906"}],"wp:attachment":[{"href":"https:\/\/cotero.com.mx\/index.php\/wp-json\/wp\/v2\/media?parent=905"}],"wp:term":[{"taxonomy":"product_brand","embeddable":true,"href":"https:\/\/cotero.com.mx\/index.php\/wp-json\/wp\/v2\/product_brand?post=905"},{"taxonomy":"product_cat","embeddable":true,"href":"https:\/\/cotero.com.mx\/index.php\/wp-json\/wp\/v2\/product_cat?post=905"},{"taxonomy":"product_tag","embeddable":true,"href":"https:\/\/cotero.com.mx\/index.php\/wp-json\/wp\/v2\/product_tag?post=905"}],"curies":[{"name":"wp","href":"https:\/\/api.w.org\/{rel}","templated":true}]}}