{"id":907,"date":"2025-09-12T22:38:30","date_gmt":"2025-09-12T20:38:30","guid":{"rendered":"https:\/\/cotero.com.mx\/?post_type=product&#038;p=907"},"modified":"2025-09-12T22:39:44","modified_gmt":"2025-09-12T20:39:44","slug":"misterio-diamantado","status":"publish","type":"product","link":"https:\/\/cotero.com.mx\/index.php\/producto\/misterio-diamantado\/","title":{"rendered":"Misterio diamantado"},"content":{"rendered":"<p>Descubre la belleza y la sofisticaci\u00f3n perfectamente encapsulada en el Misterio de plata .925. Con 18 cm de longitud, este dise\u00f1o est\u00e1 elaborado meticulosamente, utilizando arroz diamantado, un detalle excepcional que refleja luz y realza cada cent\u00edmetro de su estructura. Adem\u00e1s, la cruz lisa a\u00f1ade un toque moderno y minimalista, ideal para quienes buscan una pieza vers\u00e1til que complemente cualquier estilo.<\/p>\n<p>&nbsp;<\/p>\n","protected":false},"excerpt":{"rendered":"<p>Descubre la belleza y la sofisticaci\u00f3n perfectamente encapsulada en el Misterio de plata .925. Con 18 cm de longitud, este dise\u00f1o est\u00e1 elaborado meticulosamente, utilizando arroz diamantado, un detalle excepcional que refleja luz y realza cada cent\u00edmetro de su estructura. Adem\u00e1s, la cruz lisa a\u00f1ade un toque moderno y minimalista, ideal para quienes buscan una [&hellip;]<\/p>\n","protected":false},"featured_media":908,"comment_status":"open","ping_status":"closed","template":"","meta":{"_joinchat":[]},"product_brand":[],"product_cat":[41,38],"product_tag":[],"class_list":{"0":"post-907","1":"product","2":"type-product","3":"status-publish","4":"has-post-thumbnail","6":"product_cat-plata","7":"product_cat-rosarios-misterios-lazos-y-arras","9":"first","10":"instock","11":"shipping-taxable","12":"purchasable","13":"product-type-simple"},"_links":{"self":[{"href":"https:\/\/cotero.com.mx\/index.php\/wp-json\/wp\/v2\/product\/907","targetHints":{"allow":["GET"]}}],"collection":[{"href":"https:\/\/cotero.com.mx\/index.php\/wp-json\/wp\/v2\/product"}],"about":[{"href":"https:\/\/cotero.com.mx\/index.php\/wp-json\/wp\/v2\/types\/product"}],"replies":[{"embeddable":true,"href":"https:\/\/cotero.com.mx\/index.php\/wp-json\/wp\/v2\/comments?post=907"}],"wp:featuredmedia":[{"embeddable":true,"href":"https:\/\/cotero.com.mx\/index.php\/wp-json\/wp\/v2\/media\/908"}],"wp:attachment":[{"href":"https:\/\/cotero.com.mx\/index.php\/wp-json\/wp\/v2\/media?parent=907"}],"wp:term":[{"taxonomy":"product_brand","embeddable":true,"href":"https:\/\/cotero.com.mx\/index.php\/wp-json\/wp\/v2\/product_brand?post=907"},{"taxonomy":"product_cat","embeddable":true,"href":"https:\/\/cotero.com.mx\/index.php\/wp-json\/wp\/v2\/product_cat?post=907"},{"taxonomy":"product_tag","embeddable":true,"href":"https:\/\/cotero.com.mx\/index.php\/wp-json\/wp\/v2\/product_tag?post=907"}],"curies":[{"name":"wp","href":"https:\/\/api.w.org\/{rel}","templated":true}]}}